{"id":16679,"date":"2023-06-27T11:50:28","date_gmt":"2023-06-27T09:50:28","guid":{"rendered":"http:\/\/w3.olazti.com\/publizitate-xede-diren-beste-eduki-batzuk\/"},"modified":"2023-06-27T11:50:28","modified_gmt":"2023-06-27T09:50:28","slug":"publizitate-xede-diren-beste-eduki-batzuk","status":"publish","type":"page","link":"http:\/\/urzainqui.animsa.net\/eu\/gardetasun\/publizitate-xede-diren-beste-eduki-batzuk\/","title":{"rendered":"Publizitate-xede diren beste eduki batzuk"},"content":{"rendered":"<p><strong>Atal honetan urteko publizitate-inbertsioari eta gehien errepikatzen diren informazio publikoko eskaerei buruzko informazioa aurkituko duzu.<\/strong><\/p>\n<ul>\n<li>Publizitate-inbertsioa.<\/li>\n<li>Iragarki ofizialak <span style=\"color: red;\">(Tabl\u00f3n web o Sede Electr\u00f3nica).<\/span><\/li>\n<li>Herritarren parte-hartzea <span style=\"color: red;\">(Tabl\u00f3n web o Sede Electr\u00f3nica)<\/span>.<\/li>\n<li><a href=\"https:\/\/gobiernoabierto.navarra.es\/es\/transparencia\/solicitud-informacion-publica\/que-es\/como-acceder\/formulario\" target=\"_blank\" rel=\"noopener\">Informazio publikorako eskaera.<\/a><\/li>\n<\/ul>\n","protected":false},"excerpt":{"rendered":"<p>Atal honetan urteko publizitate-inbertsioari eta gehien errepikatzen diren informazio publikoko eskaerei buruzko informazioa aurkituko duzu. Publizitate-inbertsioa. Iragarki ofizialak (Tabl\u00f3n web o Sede Electr\u00f3nica). Herritarren parte-hartzea (Tabl\u00f3n web o Sede Electr\u00f3nica). Informazio publikorako eskaera.<\/p>\n","protected":false},"author":2,"featured_media":0,"parent":16653,"menu_order":0,"comment_status":"closed","ping_status":"closed","template":"","meta":{"footnotes":""},"class_list":["post-16679","page","type-page","status-publish","hentry"],"_links":{"self":[{"href":"http:\/\/urzainqui.animsa.net\/eu\/wp-json\/wp\/v2\/pages\/16679","targetHints":{"allow":["GET"]}}],"collection":[{"href":"http:\/\/urzainqui.animsa.net\/eu\/wp-json\/wp\/v2\/pages"}],"about":[{"href":"http:\/\/urzainqui.animsa.net\/eu\/wp-json\/wp\/v2\/types\/page"}],"author":[{"embeddable":true,"href":"http:\/\/urzainqui.animsa.net\/eu\/wp-json\/wp\/v2\/users\/2"}],"replies":[{"embeddable":true,"href":"http:\/\/urzainqui.animsa.net\/eu\/wp-json\/wp\/v2\/comments?post=16679"}],"version-history":[{"count":0,"href":"http:\/\/urzainqui.animsa.net\/eu\/wp-json\/wp\/v2\/pages\/16679\/revisions"}],"up":[{"embeddable":true,"href":"http:\/\/urzainqui.animsa.net\/eu\/wp-json\/wp\/v2\/pages\/16653"}],"wp:attachment":[{"href":"http:\/\/urzainqui.animsa.net\/eu\/wp-json\/wp\/v2\/media?parent=16679"}],"curies":[{"name":"wp","href":"https:\/\/api.w.org\/{rel}","templated":true}]}}