{"id":16608,"date":"2016-06-16T08:16:25","date_gmt":"2016-06-16T06:16:25","guid":{"rendered":"http:\/\/w3.olazti.com\/012-2\/"},"modified":"2016-06-16T08:16:25","modified_gmt":"2016-06-16T08:16:25","slug":"012-2","status":"publish","type":"page","link":"http:\/\/urzainqui.animsa.net\/eu\/general\/012-2\/","title":{"rendered":"012"},"content":{"rendered":"<p><strong style=\"display: block; width: 100%;\"><a style=\"background: #369; color: #9cf; padding: 4px 12px; border: 2px solid #69c; border-radius: 6px; text-align: center;\" title=\"012 Kontsultak\" href=\"\/eu\/general\/consultas-012\/\">012 Kontsultak<\/a><\/strong><\/p>\n<h3>Ze zerbitzu eskeintzen ditu 012- 948012012 telefono zerbitzuak?<\/h3>\n<ul>\n<li><strong>KUDEAKETA:<\/strong> Katastro eta errolda ziurtagiriak eskatu daitezke; beste ziurtagiri motak (ondasunak, zergen ordainketa egunean edukitzea\u2026..); ordainagirien kopiak; inprimakien eskaera; instantziak; ordainagirien ordainketa; ordainketen helbideratzea.<img loading=\"lazy\" decoding=\"async\" class=\"alignright wp-image-1432 size-thumbnail\" src=\"http:\/\/www.ansoain.es\/wp-content\/uploads\/sites\/67\/2014\/09\/logo_012_eus_color-150x150.jpg\" alt=\"logo_012_eus\" width=\"150\" height=\"150\" \/><\/li>\n<li><strong>IZEN EMATEA ETA HITZORDUAK:<\/strong> Udaletxeak eskeintzen dituen iharduera eta ikastaroetan izen eman daiteke. Sarrerak erosi. Distribuzio zerrendetan harpidetu. Udaleko zerbitzu eta teknikariekin hitzordua zehaztu.<\/li>\n<li><strong>INFORMAZIOA:<\/strong><br \/>\nHerriko eta 012an sartuta dauden herri guztien udal informazioa eskeintzen dizu: instalazioak, zerbitzuak, kultur eta kirol agenda, tramiteak nola egin, ordenantzak, zergak, ikastaroen eskaintzak eta diru-laguntzak, deialdiak eta lehiaketa publikoak, interesezko abisuak, etb.<br \/>\nOinarrizko hornidura enpresen izapideak (telefonoa, gasa, elektrizitatea eta ura), udalekoak ez diren informazioa ere eskaintzen dizu. Izapideak Nafar Gobernuarekin, osasun zerbitzu eta zentruak, hezkuntza, garraioa eta aisia, elkarteak, etb.<\/li>\n<li><strong>ABISU, KEXA ETA IRADOKIZUNAK:<\/strong> Zerbitzuei edo udaleko jarduerei buruzko kexak aurkeztu daitezke, iradokizunak egin edo abisu bat eman (hiri-altzariak, argiztapenak\u2026\u2026)<\/li>\n<\/ul>\n<h3>Nola jarri daiteke harremanetan 012 Zerbitzu telefonikoarekin?<\/h3>\n<ul>\n<li><strong>Nafarroan, hiru zenbaki markatuz, 0,1eta 2 eta 948 012 012 zenbakia markatu.<\/strong><\/li>\n<li><strong>Ordutegia, astelehenetik ostiralera 8:00etatik 19:00etara.<\/strong><\/li>\n<li><strong>Gurekin harremanetan jarri zaitezke baita 012@infolocal.org \u2013 ren bidez.<\/strong><\/li>\n<\/ul>\n<h3>Proiektuaren helburua herritarrak udaltxearekin harremena erraztea da, eskura dauden teknologia eta telematikaren bidez.<\/h3>\n<ul>\n<li><strong>012 telefono bidez.<\/strong><\/li>\n<li><strong>Telematiko bidez, Web, e-mail, informazio kioskoa, teletestu, etb.<\/strong><\/li>\n<li><strong>Udaltxetako herritarra hartzeko bulegoetara joanez.<\/strong><\/li>\n<\/ul>\n<p><strong>INFOLOCAL Proiektuaren barruan dauden Udaletxeak, mankomunitateak eta Nafar gobernuko unitateak hauek dira:<\/strong><\/p>\n<h4>Entitate Lokalak:<\/h4>\n<p><strong>Altsasu \/ Alsasua;Anso\u00e1in; Anue; Aoiz &lt;&gt; Agoitz; Aranguren <\/strong>(Labiano, Zolina, Tajonar, Aranguren, Mutilva Alta y Mutilva Baja);<strong> Areso; Bara\u00f1\u00e1in; Bazt\u00e1n <\/strong>(Almandoz, Amaiur-Maya, Aniz, Arizkun, Arraioz, Azpilikueta, Berroeta, Elbete, Elizondo, Erratzu, Gartzain, Irurita, Lekaroz, Oronoz-Mugairi, Ziga); <strong>Bera; Beri\u00e1in; Berrioplano<\/strong> (A\u00f1ezcar, Artica, Oteiza de Berrioplano, Berrioplano, Larragueta, Berriosuso, Elcarte, Loza, Aizo\u00e1in, Ballariain); <strong>Berriozar; Burlada &lt;&gt; Burlata; Cadreita; Caparroso; C\u00e1seda; Cendea de Cizur<\/strong> (Undiano, Muru &#8211; Astr\u00e1in, Zariquiegui, Astr\u00e1in, Larraya, Patern\u00e1in, Cizur Menor, Gazolaz);<strong>Corella; Esteribar <\/strong>(Agorreta, Ilurdotz, Antxoritz, Leranotz, Iragi, Irota, Eugi, Larrasoa\u00f1a, Inbuluzketa, Saigos, Olloki, Urtasun, Zuri\u00e1in, Urdanitz-Urdanitz, Zabaldika, Zubiri, Saras\u00edbar.); <strong>Ezcabarte <\/strong>(Sorauren, Oricain, Cildoz, Eusa, Orrio, Maquirriain (Ezcabarte), Azoz, Arre); <strong>Ezcaroz &lt;&gt; Ezkaroz; Fitero; Fontellas; Goizueta; Guesalaz; Huarte &lt;&gt; Uharte; Iza <\/strong>(Aguinaga, Gulina, Erice (Iza), Sarasa, Aldaba, Atondo, Sarasate, Iza, Lete, Larumbe, Cia, Ariz, Ochovi y la Urbanizaci\u00f3n Zuasti); <strong>Izaga, Manc. <\/strong>(Urroz, Izagaondoa (Ardanaz de Izagaondoa), Lizo\u00e1in, Unciti (Alz\u00f3rriz, Art\u00e1iz, Cembor\u00e1in, Najurieta, Unciti, Zabalceta), Ibargoiti (Ab\u00ednzano, Idocin, Izko, Salinas de Ibargoiti), Monreal); <strong>Jaurrieta; Leitza; Ler\u00edn; Lodosa; Los Arcos; Luzaide \/ Valcarlos; Milagro; No\u00e1in (Valle de Elorz) &lt;&gt; Noain (Elorztzibar) <\/strong>(Im\u00e1rcoain, No\u00e1in, Zabalegui, Torres (Elorz), Y\u00e1rnoz, Guerendi\u00e1in (Elorz), Elorz, Zulueta); <strong>Ochagav\u00eda &lt;&gt; Otsagabia; Olazti \/ Olazagutia; Olite; Oronz &lt;&gt; Orontze; Salazar, Junta del V. de <\/strong>(s\u00f3lo para los Aytos. De Ezcaroz, Jaurrieta, Ochagav\u00eda y Oronz); <strong>Salinas de Oro; Sansol; Tafalla; <\/strong><strong>Ultzama <\/strong>(Alkotz, Arraitz &#8211; Orkin, Auza, Eltso, Eltzaburu, Gorrontz &#8211; Olano, Guerendi\u00e1in de Ultzama, Ilarregui, Iraizotz, Larraintzar, Lizaso, Suarbe, Urritzola &#8211; Galain, Zenotz)<strong>; Valdizarbe, Manc. <\/strong>(Adi\u00f3s, En\u00e9riz, Legarda, Muruz\u00e1bal, Tirapu, Ucar, Uterga, Obanos); <strong>Valle de Eg\u00fc\u00e9s<\/strong> (Olaz, Ibiricu (Eg\u00fc\u00e9s), Alzuza, Ardanaz (Eg\u00fc\u00e9s), Azpa, Badost\u00e1in, Sagaseta, Elcano, Eg\u00fc\u00e9s, El\u00eda, Sarriguren); <strong>Valtierra; Viana; Villafranca; Villava; Yerri &lt;&gt; Deierri; Zizur Mayor<\/strong><strong>&lt;&gt; Zizur Nagusia<\/strong><\/p>\n<p><strong>Nafar Gobernuko entitateak:<\/strong> Nafarroako enplegu zerbitz<\/p>\n","protected":false},"excerpt":{"rendered":"<p>012 Kontsultak Ze zerbitzu eskeintzen ditu 012- 948012012 telefono zerbitzuak? KUDEAKETA: Katastro eta errolda ziurtagiriak eskatu daitezke; beste ziurtagiri motak (ondasunak, zergen ordainketa egunean edukitzea\u2026..); ordainagirien kopiak; inprimakien eskaera; instantziak; ordainagirien ordainketa; ordainketen helbideratzea. IZEN EMATEA ETA HITZORDUAK: Udaletxeak eskeintzen dituen iharduera eta ikastaroetan izen eman daiteke. Sarrerak erosi. Distribuzio zerrendetan harpidetu. Udaleko zerbitzu eta [&hellip;]<\/p>\n","protected":false},"author":1,"featured_media":0,"parent":16460,"menu_order":0,"comment_status":"closed","ping_status":"closed","template":"","meta":{"footnotes":""},"class_list":["post-16608","page","type-page","status-publish","hentry"],"_links":{"self":[{"href":"http:\/\/urzainqui.animsa.net\/eu\/wp-json\/wp\/v2\/pages\/16608","targetHints":{"allow":["GET"]}}],"collection":[{"href":"http:\/\/urzainqui.animsa.net\/eu\/wp-json\/wp\/v2\/pages"}],"about":[{"href":"http:\/\/urzainqui.animsa.net\/eu\/wp-json\/wp\/v2\/types\/page"}],"author":[{"embeddable":true,"href":"http:\/\/urzainqui.animsa.net\/eu\/wp-json\/wp\/v2\/users\/1"}],"replies":[{"embeddable":true,"href":"http:\/\/urzainqui.animsa.net\/eu\/wp-json\/wp\/v2\/comments?post=16608"}],"version-history":[{"count":0,"href":"http:\/\/urzainqui.animsa.net\/eu\/wp-json\/wp\/v2\/pages\/16608\/revisions"}],"up":[{"embeddable":true,"href":"http:\/\/urzainqui.animsa.net\/eu\/wp-json\/wp\/v2\/pages\/16460"}],"wp:attachment":[{"href":"http:\/\/urzainqui.animsa.net\/eu\/wp-json\/wp\/v2\/media?parent=16608"}],"curies":[{"name":"wp","href":"https:\/\/api.w.org\/{rel}","templated":true}]}}