{"id":16464,"date":"2016-05-16T11:39:03","date_gmt":"2016-05-16T09:39:03","guid":{"rendered":"http:\/\/w3.olazti.com\/udalbatza\/"},"modified":"2016-05-16T11:39:03","modified_gmt":"2016-05-16T11:39:03","slug":"udalbatza","status":"publish","type":"page","link":"http:\/\/urzainqui.animsa.net\/eu\/udala\/udal-antolaketa\/udalbatza\/","title":{"rendered":"Udalbatza"},"content":{"rendered":"<h3>2023-2026 LEGEGINTZALDIKO UDALBATZA<\/h3>\n<table summary=\"Descripci\u00f3n del nombre, cargo y Partido Pol\u00edtico de los componentes de la Corporaci\u00f3n Municipal\">\n<thead>\n<tr>\n<th>Izena<\/th>\n<th>Kargua<\/th>\n<th>Alderdi Politikoa<\/th>\n<\/tr>\n<\/thead>\n<tbody>\n<tr>\n<td>Joseba Vizuete Ascargorta<\/td>\n<td>Alkatea<\/td>\n<td><acronym title=\"Nafarroa Bai\">EH Bildu<\/acronym><\/td>\n<\/tr>\n<tr>\n<td>Jose Manuel Armendariz Catalan<\/td>\n<td>Zinegotzia<\/td>\n<td>EH Bildu<\/td>\n<\/tr>\n<tr>\n<td>Alea Orabengoa Caro<\/td>\n<td>Zinegotzia<\/td>\n<td>EH Bildu<\/td>\n<\/tr>\n<tr>\n<td>Asier Vicente de Miguel<\/td>\n<td>Zinegotzia<\/td>\n<td>EH Bildu<\/td>\n<\/tr>\n<tr>\n<td>Unai Ruiz Larraza<\/td>\n<td>Zinegotzia<\/td>\n<td>EH Bildu<\/td>\n<\/tr>\n<tr>\n<td><\/td>\n<td>Zinegotzia<\/td>\n<td>EH Bildu<\/td>\n<\/tr>\n<tr>\n<td>Urtzi Marquinez Grados<\/td>\n<td>Zinegotzia<\/td>\n<td>EH Bildu<\/td>\n<\/tr>\n<tr>\n<td>Jos\u00e9 Maria Acerete S\u00e1nchez<\/td>\n<td>Zinegotzia<\/td>\n<td>PSE-PSOE<\/td>\n<\/tr>\n<tr>\n<td>Jon Angulo Mart\u00ednez<\/td>\n<td>Zinegotzia<\/td>\n<td>UPN<\/td>\n<\/tr>\n<\/tbody>\n<\/table>\n","protected":false},"excerpt":{"rendered":"<p>2023-2026 LEGEGINTZALDIKO UDALBATZA Izena Kargua Alderdi Politikoa Joseba Vizuete Ascargorta Alkatea EH Bildu Jose Manuel Armendariz Catalan Zinegotzia EH Bildu Alea Orabengoa Caro Zinegotzia EH Bildu Asier Vicente de Miguel Zinegotzia EH Bildu Unai Ruiz Larraza Zinegotzia EH Bildu Zinegotzia EH Bildu Urtzi Marquinez Grados Zinegotzia EH Bildu Jos\u00e9 Maria Acerete S\u00e1nchez Zinegotzia PSE-PSOE Jon [&hellip;]<\/p>\n","protected":false},"author":168,"featured_media":0,"parent":16462,"menu_order":0,"comment_status":"closed","ping_status":"closed","template":"","meta":{"footnotes":""},"class_list":["post-16464","page","type-page","status-publish","hentry"],"_links":{"self":[{"href":"http:\/\/urzainqui.animsa.net\/eu\/wp-json\/wp\/v2\/pages\/16464","targetHints":{"allow":["GET"]}}],"collection":[{"href":"http:\/\/urzainqui.animsa.net\/eu\/wp-json\/wp\/v2\/pages"}],"about":[{"href":"http:\/\/urzainqui.animsa.net\/eu\/wp-json\/wp\/v2\/types\/page"}],"author":[{"embeddable":true,"href":"http:\/\/urzainqui.animsa.net\/eu\/wp-json\/wp\/v2\/users\/168"}],"replies":[{"embeddable":true,"href":"http:\/\/urzainqui.animsa.net\/eu\/wp-json\/wp\/v2\/comments?post=16464"}],"version-history":[{"count":0,"href":"http:\/\/urzainqui.animsa.net\/eu\/wp-json\/wp\/v2\/pages\/16464\/revisions"}],"up":[{"embeddable":true,"href":"http:\/\/urzainqui.animsa.net\/eu\/wp-json\/wp\/v2\/pages\/16462"}],"wp:attachment":[{"href":"http:\/\/urzainqui.animsa.net\/eu\/wp-json\/wp\/v2\/media?parent=16464"}],"curies":[{"name":"wp","href":"https:\/\/api.w.org\/{rel}","templated":true}]}}